{"id":1534,"date":"2017-04-24T19:59:41","date_gmt":"2017-04-24T19:59:41","guid":{"rendered":"https:\/\/coffrage.futehost.ca\/services\/industriel\/"},"modified":"2025-04-03T14:53:50","modified_gmt":"2025-04-03T14:53:50","slug":"industrial","status":"publish","type":"page","link":"https:\/\/www.coffragessynergy.ca\/en\/our-services\/industrial\/","title":{"rendered":"Industrial"},"content":{"rendered":"[mk_page_section layout_structure=&#8221;half_left&#8221; bg_image=&#8221;https:\/\/www.coffragessynergy.ca\/wp-content\/uploads\/2025\/02\/synergy-ottawa-1-scaled.jpg&#8221; bg_color=&#8221;#f4f4f4&#8243; bg_stretch=&#8221;true&#8221; min_height=&#8221;0&#8243; full_width=&#8221;true&#8221; full_height=&#8221;true&#8221; padding_top=&#8221;0&#8243; padding_bottom=&#8221;0&#8243; visibility=&#8221;hidden-sm&#8221;][vc_column width=&#8221;5\/6&#8243; css=&#8221;.vc_custom_1741116861222{background-color: #F4F4F4 !important;}&#8221;][vc_column_text css=&#8221;.vc_custom_1743690447390{margin-bottom: 0px !important;}&#8221;]\n<h1><strong><span style=\"color: #da013a;\">INDUSTRIAL FORMWORK<\/span><\/strong><\/h1>\n<h3><span style=\"color: #da013a;\">Combining Performance and Safety on Your Job Sites<\/span><\/h3>\n<p>Trust our expertise for your industrial formwork projects. We apply total rigor in both health and safety on-site, as well as in operations management, budget tracking, and ratios. To remain the leader and benchmark in formwork, it is essential to inspire confidence at every step.[\/vc_column_text][\/vc_column][\/mk_page_section][mk_page_section layout_structure=&#8221;half_left&#8221; bg_image=&#8221;https:\/\/www.coffragessynergy.ca\/wp-content\/uploads\/2025\/02\/synergy-ottawa-1-scaled.jpg&#8221; bg_color=&#8221;#ffffff&#8221; bg_stretch=&#8221;true&#8221; min_height=&#8221;0&#8243; full_width=&#8221;true&#8221; full_height=&#8221;true&#8221; padding_top=&#8221;0&#8243; padding_bottom=&#8221;0&#8243; visibility=&#8221;visible-sm&#8221;][vc_column][vc_empty_space height=&#8221;50px&#8221;][vc_column_text css=&#8221;.vc_custom_1743449853245{margin-bottom: 0px !important;}&#8221;]\n<h1><strong><span style=\"color: #da013a;\">COFFRAGE <\/span><\/strong><strong><span style=\"color: #e3173e;\">INDUSTRIEL<\/span><\/strong><\/h1>\n<h3><span style=\"color: #da013a;\">Allier performance et s\u00e9curit\u00e9 sur vos chantiers<\/span><\/h3>\n<p>Faites confiance \u00e0 notre expertise pour vos travaux de coffrage industriel. Nous appliquons une rigueur totale, tant en mati\u00e8re de sant\u00e9 et de s\u00e9curit\u00e9 sur les chantiers qu\u2019en gestion des op\u00e9rations, suivi des budgets et ratios. Pour rester le leader et la r\u00e9f\u00e9rence en coffrage, il est essentiel d\u2019inspirer confiance \u00e0 chaque \u00e9tape.[\/vc_column_text][vc_raw_html]JTIwJTIwJTNDc2NyaXB0JTIwdHlwZSUzRCUyMmFwcGxpY2F0aW9uJTJGbGQlMkJqc29uJTIyJTNFJTBBJTdCJTBBJTIwJTIwJTIyJTQwY29udGV4dCUyMiUzQSUyMCUyMmh0dHAlM0ElMkYlMkZzY2hlbWEub3JnJTJGJTIyJTJDJTBBJTIwJTIwJTIyJTQwdHlwZSUyMiUzQSUyMCUyMlNlcnZpY2UlMjIlMkMlMEElMjAlMjAlMjJ1cmwlMjIlM0ElMjJodHRwcyUzQSUyRiUyRnd3dy5jb2ZmcmFnZXNzeW5lcmd5LmNhJTJGY29mZnJhZ2UlMkZpbmR1c3RyaWVsJTJGJTIyJTJDJTBBJTIwJTIwJTIwJTIybmFtZSUyMiUzQSUyMCUyMkNvZmZyYWdlcyUyMFN5bmVyZ3klMjIlMkMlMEElMjAlMjAlMjAlMjAlMjAlMjJkZXNjcmlwdGlvbiUyMiUyMCUzQSUyMCUyMkNvbXB0ZXolMjBzdXIlMjBub3VzJTIwcG91ciUyMGxhJTIwciVDMyVBOWFsaXNhdGlvbiUyMGRlJTIwdm9zJTIwdHJhdmF1eCUyMGRlJTIwY29mZnJhZ2UlMjBpbmR1c3RyaWVsLiUyME5vdXMlMjBzb21tZXMlMjByaWdvdXJldXglMjBhdXRhbnQlMjBhdSUyMG5pdmVhdSUyMGRlJTIwbGElMjBzYW50JUMzJUE5JTIwZXQlMjBzJUMzJUE5Y3VyaXQlQzMlQTklMjBzdXIlMjBsZXMlMjBjaGFudGllcnMlMjBxdSVFMiU4MCU5OWF1JTIwbml2ZWF1JTIwZGUlMjBsYSUyMGdlc3Rpb24lMjBkZXMlMjBvcCVDMyVBOXJhdGlvbnMlMjBldCUyMGR1JTIwc3VpdmklMjBkZXMlMjBidWRnZXRzJTIwZXQlMjByYXRpb3MuJTIwQ2FyJTIwcG91ciUyMGRlbWV1cmVyJTIwbGUlMjBsZWFkZXIlMjBldCUyMGxhJTIwciVDMyVBOWYlQzMlQTlyZW5jZSUyMGVuJTIwY29mZnJhZ2UlMkMlMjBub3VzJTIwZGV2b25zJTIwaW5zcGlyZXIlMjBjb25maWFuY2UlMjAlQzMlQTAlMjB0b3VzJTIwbGVzJTIwbml2ZWF1eC5Ob3VzJTIwcG9zcyVDMyVBOWRvbnMlMjB0b3V0ZXMlMjBsZXMlMjBhY2NyJUMzJUE5ZGl0YXRpb25zJTIwbiVDMyVBOWNlc3NhaXJlcyUyMGVuJTIwdnVlJTIwZGUlMjBsYSUyMHIlQzMlQTlhbGlzYXRpb24lMjBkZXMlMjB0cmF2YXV4JTIwZGUlMjBjb2ZmcmFnZXMlMjBpbmR1c3RyaWVscy4lMjBOb3MlMjBwcm9jZXNzdXMlMjBzb250JTIwY29uc3RhbW1lbnQlMjBhbSVDMyVBOWxpb3IlQzMlQTlzJTIwZXQlMjB2ZWlsbGVudCUyMCVDMyVBMCUyMHIlQzMlQTlwb25kcmUlMjBhdXglMjBzdGFuZGFyZHMlMjBldCUyMG5vcm1lcyUyMGxlcyUyMHBsdXMlMjBzdHJpY3Rlcy4lMjIlMkMlMEElMjAlMjAlMjJzZXJ2aWNlVHlwZSUyMiUzQSUyMCUyMkNvZmZyYWdlJTIwaW5kdXN0cmllbCUyMiUyQyUwQSUyMCUyMCUwQSUyMCUyMCUyMCUyMmFyZWFTZXJ2ZWQlMjIlM0ElMjAlN0IlMEElMjAlMjAlMjAlMjAlMjIlNDB0eXBlJTIyJTNBJTIwJTIyQ291bnRyeSUyMiUyQyUwQSUyMCUyMCUyMCUyMCUyMm5hbWUlMjIlM0ElMjAlMjJDYW5hZGElMjIlMEElMjAlMjAlN0QlMEElMjAlMjAlN0QlMEElN0QlMEElM0MlMkZzY3JpcHQlM0U=[\/vc_raw_html][\/vc_column][\/mk_page_section][mk_page_section bg_color=&#8221;#e5173f&#8221; bg_position=&#8221;left center&#8221; bg_repeat=&#8221;no-repeat&#8221; bg_stretch=&#8221;true&#8221; min_height=&#8221;0&#8243; full_width=&#8221;true&#8221; padding_top=&#8221;0&#8243; padding_bottom=&#8221;0&#8243; sidebar=&#8221;sidebar-1&#8243;][vc_column width=&#8221;1\/4&#8243;][mk_milestone icon_size=&#8221;medium&#8221; align=&#8221;center&#8221; icon_color=&#8221;#ffffff&#8221; stop=&#8221;15&#8243; speed=&#8221;1000&#8243; text=&#8221;Processing plants&#8221; text_color=&#8221;#ffffff&#8221; font_family=&#8221;HelveticaNeue-Light, Helvetica Neue Light, Helvetica Neue, Helvetica, Arial, &#8220;Lucida Grande&#8220;, sans-serif&#8221; font_type=&#8221;safefont&#8221; font_weight=&#8221;bold&#8221; desc_size=&#8221;26&#8243;][\/vc_column][vc_column width=&#8221;1\/4&#8243;][mk_milestone icon_size=&#8221;medium&#8221; align=&#8221;center&#8221; icon_color=&#8221;#ffffff&#8221; stop=&#8221;2&#8243; speed=&#8221;1000&#8243; text=&#8221;Refineries&#8221; text_color=&#8221;#ffffff&#8221; font_family=&#8221;HelveticaNeue-Light, Helvetica Neue Light, Helvetica Neue, Helvetica, Arial, &#8220;Lucida Grande&#8220;, sans-serif&#8221; font_type=&#8221;safefont&#8221; font_weight=&#8221;bold&#8221; desc_size=&#8221;26&#8243;][\/vc_column][vc_column width=&#8221;1\/4&#8243;][mk_milestone icon_size=&#8221;medium&#8221; align=&#8221;center&#8221; icon_color=&#8221;#ffffff&#8221; stop=&#8221;1&#8243; speed=&#8221;1000&#8243; text=&#8221;Cement plant&#8221; text_color=&#8221;#ffffff&#8221; font_family=&#8221;HelveticaNeue-Light, Helvetica Neue Light, Helvetica Neue, Helvetica, Arial, &#8220;Lucida Grande&#8220;, sans-serif&#8221; font_type=&#8221;safefont&#8221; font_weight=&#8221;bold&#8221; desc_size=&#8221;26&#8243;][\/vc_column][vc_column width=&#8221;1\/4&#8243;][mk_milestone icon_size=&#8221;medium&#8221; align=&#8221;center&#8221; icon_color=&#8221;#ffffff&#8221; speed=&#8221;1000&#8243; suffix=&#8221;%&#8221; text=&#8221;Integrated into your team&#8221; text_color=&#8221;#ffffff&#8221; font_family=&#8221;HelveticaNeue-Light, Helvetica Neue Light, Helvetica Neue, Helvetica, Arial, &#8220;Lucida Grande&#8220;, sans-serif&#8221; font_type=&#8221;safefont&#8221; font_weight=&#8221;bold&#8221; desc_size=&#8221;26&#8243;][\/vc_column][\/mk_page_section][mk_page_section layout_structure=&#8221;half_right&#8221; bg_image=&#8221;https:\/\/www.coffragessynergy.ca\/wp-content\/uploads\/2025\/02\/yellowfalls-1-topaz-upscale-4x.jpg&#8221; bg_stretch=&#8221;true&#8221; min_height=&#8221;609&#8243; full_width=&#8221;true&#8221; js_vertical_centered=&#8221;true&#8221; padding_top=&#8221;0&#8243; padding_bottom=&#8221;0&#8243;][vc_column width=&#8221;5\/6&#8243; css=&#8221;.vc_custom_1740765484833{padding-right: 5% !important;padding-left: 5% !important;}&#8221;][vc_column_text css=&#8221;.vc_custom_1743690366200{margin-bottom: 0px !important;}&#8221;]\n<h1><strong><span style=\"color: #da013a;\">INDUSTRIAL FORMWORK PROJECTS<\/span><\/strong><\/h1>\n<p class=\"\" data-start=\"36\" data-end=\"235\">At all times, you can rely on our team to offer customized solutions tailored to the complexity of your projects. We hold all the necessary accreditations for carrying out industrial formwork work.<\/p>\n<p class=\"\" data-start=\"237\" data-end=\"315\">You can trust us with the execution of industrial formwork projects such as :<\/p>\n<ul>\n<li style=\"font-weight: 400;\"><a href=\"https:\/\/www.coffragessynergy.ca\/wp-content\/uploads\/2017\/05\/coffrages-synergy-workform-realisations-industriel-900x500-01.jpg\" target=\"_blank\" rel=\"noopener noreferrer\">McInnis Cement Plant, Port-Daniel;<\/a><\/li>\n<li style=\"font-weight: 400;\"><a href=\"https:\/\/www.coffragessynergy.ca\/wp-content\/uploads\/2017\/05\/coffrages-synergy-workform-realisations-civil-900x500-01.jpg\" target=\"_blank\" rel=\"noopener noreferrer\">Yellow Falls Hydroelectric Power Plant, Ontario.<\/a><\/li>\n<\/ul>\n[\/vc_column_text][\/vc_column][\/mk_page_section][mk_page_section bg_color=&#8221;#f4f4f4&#8243; bg_position=&#8221;center center&#8221; bg_repeat=&#8221;no-repeat&#8221; bg_stretch=&#8221;true&#8221; enable_3d=&#8221;true&#8221; min_height=&#8221;0&#8243; padding_top=&#8221;0&#8243; padding_bottom=&#8221;0&#8243; visibility=&#8221;hidden-sm&#8221; sidebar=&#8221;sidebar-1&#8243;][vc_column css=&#8221;.vc_custom_1740589094961{padding-right: 5% !important;padding-left: 5% !important;background-color: #F4F4F4 !important;}&#8221;][vc_empty_space height=&#8221;50px&#8221;][vc_column_text align=&#8221;center&#8221; css=&#8221;.vc_custom_1743692026169{margin-bottom: 0px !important;background-color: #F4F4F4 !important;}&#8221;]\n<div style=\"text-align: center; margin-bottom: 15px;\">\n<h2 style=\"color: #111111;\"><span style=\"color: #e3173e;\"><strong>CONTACT US<\/strong><\/span><\/h2>\n<\/div>\n<div style=\"text-align: center;\">\n<div class=\"wpcf7 no-js\" id=\"wpcf7-f1444-o1\" lang=\"fr-FR\" dir=\"ltr\" data-wpcf7-id=\"1444\">\n<div class=\"screen-reader-response\"><p role=\"status\" aria-live=\"polite\" aria-atomic=\"true\"><\/p> <ul><\/ul><\/div>\n<form action=\"\/en\/wp-json\/wp\/v2\/pages\/1534#wpcf7-f1444-o1\" method=\"post\" class=\"wpcf7-form init\" aria-label=\"Formulaire de contact\" novalidate=\"novalidate\" data-status=\"init\">\n<fieldset class=\"hidden-fields-container\"><input type=\"hidden\" name=\"_wpcf7\" value=\"1444\" \/><input type=\"hidden\" name=\"_wpcf7_version\" value=\"6.1.5\" \/><input type=\"hidden\" name=\"_wpcf7_locale\" value=\"fr_FR\" \/><input type=\"hidden\" name=\"_wpcf7_unit_tag\" value=\"wpcf7-f1444-o1\" \/><input type=\"hidden\" name=\"_wpcf7_container_post\" value=\"0\" \/><input type=\"hidden\" name=\"_wpcf7_posted_data_hash\" value=\"\" \/><input type=\"hidden\" name=\"_wpcf7_recaptcha_response\" value=\"\" \/>\n<\/fieldset>\n<p><label><span class=\"wpcf7-form-control-wrap\" data-name=\"nom\"><input size=\"40\" maxlength=\"400\" class=\"wpcf7-form-control wpcf7-text wpcf7-validates-as-required\" aria-required=\"true\" aria-invalid=\"false\" placeholder=\"Name\" value=\"\" type=\"text\" name=\"nom\" \/><\/span><\/label>\n<\/p>\n<p><label><span class=\"wpcf7-form-control-wrap\" data-name=\"courriel\"><input size=\"40\" maxlength=\"400\" class=\"wpcf7-form-control wpcf7-email wpcf7-validates-as-required wpcf7-text wpcf7-validates-as-email\" aria-required=\"true\" aria-invalid=\"false\" placeholder=\"Email\" value=\"\" type=\"email\" name=\"courriel\" \/><\/span><\/label>\n<\/p>\n<p><label><span class=\"wpcf7-form-control-wrap\" data-name=\"telephone\"><input size=\"40\" maxlength=\"400\" class=\"wpcf7-form-control wpcf7-tel wpcf7-text wpcf7-validates-as-tel\" aria-invalid=\"false\" placeholder=\"Phone Number\" value=\"\" type=\"tel\" name=\"telephone\" \/><\/span><\/label>\n<\/p>\n<p><label><span class=\"wpcf7-form-control-wrap\" data-name=\"message\"><textarea cols=\"40\" rows=\"10\" maxlength=\"2000\" class=\"wpcf7-form-control wpcf7-textarea wpcf7-validates-as-required\" aria-required=\"true\" aria-invalid=\"false\" placeholder=\"I would like to be contacted.\" name=\"message\"><\/textarea><\/span><\/label>\n<\/p>\n<p><input class=\"wpcf7-form-control wpcf7-submit has-spinner\" type=\"submit\" value=\"Submit\" \/>\n<\/p><div class=\"wpcf7-response-output\" aria-hidden=\"true\"><\/div>\n<\/form>\n<\/div>\n<\/div>\n[\/vc_column_text][\/vc_column][\/mk_page_section][mk_page_section bg_position=&#8221;center center&#8221; bg_repeat=&#8221;no-repeat&#8221; bg_stretch=&#8221;true&#8221; enable_3d=&#8221;true&#8221; min_height=&#8221;0&#8243; full_width=&#8221;true&#8221; padding_top=&#8221;0&#8243; padding_bottom=&#8221;0&#8243; visibility=&#8221;visible-sm&#8221; sidebar=&#8221;sidebar-1&#8243;][vc_column width=&#8221;1\/2&#8243; css=&#8221;.vc_custom_1495129864486{padding-right: 5% !important;padding-left: 5% !important;}&#8221;][vc_empty_space height=&#8221;50px&#8221;][vc_column_text align=&#8221;center&#8221; css=&#8221;.vc_custom_1740592388987{margin-bottom: 0px !important;}&#8221;]\n<div style=\"text-align: center; margin-bottom: 15px;\">\n<h2 style=\"color: #111111;\"><span style=\"color: #e3173e;\"><strong>CONTACTEZ-NOUS<\/strong><\/span><\/h2>\n<\/div>\n<div style=\"text-align: center;\">\n<div class=\"wpcf7 no-js\" id=\"wpcf7-f1399-o2\" lang=\"fr-FR\" dir=\"ltr\" data-wpcf7-id=\"1399\">\n<div class=\"screen-reader-response\"><p role=\"status\" aria-live=\"polite\" aria-atomic=\"true\"><\/p> <ul><\/ul><\/div>\n<form action=\"\/en\/wp-json\/wp\/v2\/pages\/1534#wpcf7-f1399-o2\" method=\"post\" class=\"wpcf7-form init\" aria-label=\"Formulaire de contact\" novalidate=\"novalidate\" data-status=\"init\">\n<fieldset class=\"hidden-fields-container\"><input type=\"hidden\" name=\"_wpcf7\" value=\"1399\" \/><input type=\"hidden\" name=\"_wpcf7_version\" value=\"6.1.5\" \/><input type=\"hidden\" name=\"_wpcf7_locale\" value=\"fr_FR\" \/><input type=\"hidden\" name=\"_wpcf7_unit_tag\" value=\"wpcf7-f1399-o2\" \/><input type=\"hidden\" name=\"_wpcf7_container_post\" value=\"0\" \/><input type=\"hidden\" name=\"_wpcf7_posted_data_hash\" value=\"\" \/><input type=\"hidden\" name=\"_wpcf7_recaptcha_response\" value=\"\" \/>\n<\/fieldset>\n<p><label><span class=\"wpcf7-form-control-wrap\" data-name=\"nom\"><input size=\"40\" maxlength=\"400\" class=\"wpcf7-form-control wpcf7-text wpcf7-validates-as-required\" aria-required=\"true\" aria-invalid=\"false\" placeholder=\"Nom\" value=\"\" type=\"text\" name=\"nom\" \/><\/span><\/label>\n<\/p>\n<p><label><span class=\"wpcf7-form-control-wrap\" data-name=\"courriel\"><input size=\"40\" maxlength=\"400\" class=\"wpcf7-form-control wpcf7-email wpcf7-validates-as-required wpcf7-text wpcf7-validates-as-email\" aria-required=\"true\" aria-invalid=\"false\" placeholder=\"Courriel\" value=\"\" type=\"email\" name=\"courriel\" \/><\/span><\/label>\n<\/p>\n<p><label><span class=\"wpcf7-form-control-wrap\" data-name=\"telephone\"><input size=\"40\" maxlength=\"400\" class=\"wpcf7-form-control wpcf7-tel wpcf7-text wpcf7-validates-as-tel\" aria-invalid=\"false\" placeholder=\"T\u00e9l\u00e9phone\" value=\"\" type=\"tel\" name=\"telephone\" \/><\/span><\/label>\n<\/p>\n<p><label><span class=\"wpcf7-form-control-wrap\" data-name=\"message\"><textarea cols=\"40\" rows=\"10\" maxlength=\"2000\" class=\"wpcf7-form-control wpcf7-textarea wpcf7-validates-as-required\" aria-required=\"true\" aria-invalid=\"false\" placeholder=\"J&#039;aimerais que vous me contactiez.\" name=\"message\"><\/textarea><\/span><\/label>\n<\/p>\n<p><input class=\"wpcf7-form-control wpcf7-submit has-spinner\" type=\"submit\" value=\"Soumettre\" \/>\n<\/p><div class=\"wpcf7-response-output\" aria-hidden=\"true\"><\/div>\n<\/form>\n<\/div>\n<\/div>\n[\/vc_column_text][\/vc_column][\/mk_page_section][mk_page_section bg_color=&#8221;#e3173e&#8221; bg_position=&#8221;center center&#8221; bg_repeat=&#8221;no-repeat&#8221; bg_stretch=&#8221;true&#8221; min_height=&#8221;0&#8243; full_width=&#8221;true&#8221; padding_top=&#8221;0&#8243; padding_bottom=&#8221;0&#8243; sidebar=&#8221;sidebar-1&#8243;][vc_column][vc_empty_space height=&#8221;10px&#8221;][mk_fancy_title color=&#8221;#ffffff&#8221; size=&#8221;34&#8243; force_font_size=&#8221;true&#8221; size_smallscreen=&#8221;26&#8243; size_tablet=&#8221;20&#8243; size_phone=&#8221;16&#8243; font_weight=&#8221;400&#8243; font_style=&#8221;normal&#8221; txt_transform=&#8221;none&#8221; margin_bottom=&#8221;0&#8243; font_family=&#8221;HelveticaNeue-Light, Helvetica Neue Light, Helvetica Neue, Helvetica, Arial, &#8220;Lucida Grande&#8220;, sans-serif&#8221; font_type=&#8221;safefont&#8221; align=&#8221;center&#8221;]OUR INDUSTRIAL PROJECT ACHIEVEMENTS[\/mk_fancy_title][\/vc_column][\/mk_page_section][mk_page_section bg_color=&#8221;#111111&#8243; bg_position=&#8221;center center&#8221; bg_repeat=&#8221;no-repeat&#8221; bg_stretch=&#8221;true&#8221; min_height=&#8221;0&#8243; full_width=&#8221;true&#8221; padding_top=&#8221;0&#8243; padding_bottom=&#8221;0&#8243; sidebar=&#8221;sidebar-1&#8243;][vc_column css=&#8221;.vc_custom_1494449125431{padding-top: 0px !important;padding-right: 0px !important;padding-bottom: 0px !important;padding-left: 0px !important;}&#8221;][mk_portfolio style=&#8221;grid&#8221; hover_scenarios=&#8221;light-zoomin&#8221; grid_spacing=&#8221;0&#8243; image_size=&#8221;full&#8221; column=&#8221;2&#8243; permalink_icon=&#8221;false&#8221; count=&#8221;2&#8243; sortable=&#8221;false&#8221; pagination=&#8221;false&#8221; categories=&#8221;industriel&#8221;][\/vc_column][\/mk_page_section]\n","protected":false},"excerpt":{"rendered":"<p>[mk_page_section layout_structure=&#8221;half_left&#8221; bg_image=&#8221;https:\/\/www.coffragessynergy.ca\/wp-content\/uploads\/2025\/02\/synergy-ottawa-1-scaled.jpg&#8221; bg_color=&#8221;#f4f4f4&#8243; bg_stretch=&#8221;true&#8221; min_height=&#8221;0&#8243; full_width=&#8221;true&#8221; full_height=&#8221;true&#8221; padding_top=&#8221;0&#8243; padding_bottom=&#8221;0&#8243; visibility=&#8221;hidden-sm&#8221;][vc_column width=&#8221;5\/6&#8243; css=&#8221;.vc_custom_1741116861222{background-color: #F4F4F4 !important;}&#8221;][vc_column_text css=&#8221;.vc_custom_1743690447390{margin-bottom: 0px !important;}&#8221;] INDUSTRIAL FORMWORK Combining Performance and Safety on Your Job Sites Trust our expertise for your industrial formwork projects. We apply total rigor in both health and safety on-site, as well as in operations management, budget tracking, and [&hellip;]<\/p>\n","protected":false},"author":2,"featured_media":0,"parent":1448,"menu_order":0,"comment_status":"closed","ping_status":"closed","template":"","meta":{"footnotes":""},"class_list":["post-1534","page","type-page","status-publish","hentry"],"rttpg_featured_image_url":null,"rttpg_author":{"display_name":"Amelia","author_link":"https:\/\/www.coffragessynergy.ca\/en\/author\/amelia\/"},"rttpg_comment":0,"rttpg_category":" <a href=\"https:\/\/www.coffragessynergy.ca\/en\/?taxonomy=translation_priority&#038;term=optional\" rel=\"tag\">Optional<\/a>","rttpg_excerpt":"[mk_page_section layout_structure=&#8221;half_left&#8221; bg_image=&#8221;https:\/\/www.coffragessynergy.ca\/wp-content\/uploads\/2025\/02\/synergy-ottawa-1-scaled.jpg&#8221; bg_color=&#8221;#f4f4f4&#8243; bg_stretch=&#8221;true&#8221; min_height=&#8221;0&#8243; full_width=&#8221;true&#8221; full_height=&#8221;true&#8221; padding_top=&#8221;0&#8243; padding_bottom=&#8221;0&#8243; visibility=&#8221;hidden-sm&#8221;][vc_column width=&#8221;5\/6&#8243; css=&#8221;.vc_custom_1741116861222{background-color: #F4F4F4 !important;}&#8221;][vc_column_text css=&#8221;.vc_custom_1743690447390{margin-bottom: 0px !important;}&#8221;] INDUSTRIAL FORMWORK Combining Performance and Safety on Your Job Sites Trust our expertise for your industrial formwork projects. We apply total rigor in both health and safety on-site, as well as in operations management, budget tracking, and&hellip;","_links":{"self":[{"href":"https:\/\/www.coffragessynergy.ca\/en\/wp-json\/wp\/v2\/pages\/1534","targetHints":{"allow":["GET"]}}],"collection":[{"href":"https:\/\/www.coffragessynergy.ca\/en\/wp-json\/wp\/v2\/pages"}],"about":[{"href":"https:\/\/www.coffragessynergy.ca\/en\/wp-json\/wp\/v2\/types\/page"}],"author":[{"embeddable":true,"href":"https:\/\/www.coffragessynergy.ca\/en\/wp-json\/wp\/v2\/users\/2"}],"replies":[{"embeddable":true,"href":"https:\/\/www.coffragessynergy.ca\/en\/wp-json\/wp\/v2\/comments?post=1534"}],"version-history":[{"count":16,"href":"https:\/\/www.coffragessynergy.ca\/en\/wp-json\/wp\/v2\/pages\/1534\/revisions"}],"predecessor-version":[{"id":9706,"href":"https:\/\/www.coffragessynergy.ca\/en\/wp-json\/wp\/v2\/pages\/1534\/revisions\/9706"}],"up":[{"embeddable":true,"href":"https:\/\/www.coffragessynergy.ca\/en\/wp-json\/wp\/v2\/pages\/1448"}],"wp:attachment":[{"href":"https:\/\/www.coffragessynergy.ca\/en\/wp-json\/wp\/v2\/media?parent=1534"}],"curies":[{"name":"wp","href":"https:\/\/api.w.org\/{rel}","templated":true}]}}